{"id":197,"date":"2025-09-24T13:44:15","date_gmt":"2025-09-24T11:44:15","guid":{"rendered":"https:\/\/dev.prvcb.li\/de\/?page_id=197"},"modified":"2025-12-15T10:50:18","modified_gmt":"2025-12-15T09:50:18","slug":"impressum","status":"publish","type":"page","link":"https:\/\/dev.prvcb.li\/de\/impressum\/","title":{"rendered":"Impressum"},"content":{"rendered":"\t\t<div data-elementor-type=\"wp-page\" data-elementor-id=\"197\" class=\"elementor elementor-197\" data-elementor-post-type=\"page\">\n\t\t\t\t<main class=\"elementor-element elementor-element-16f560d e-con-full add-content-id e-flex e-con e-parent\" data-id=\"16f560d\" data-element_type=\"container\">\n\t\t<div class=\"elementor-element elementor-element-8b4535c e-flex e-con-boxed elementor-invisible e-con e-child\" data-id=\"8b4535c\" data-element_type=\"container\" data-settings=\"{&quot;animation&quot;:&quot;fadeIn&quot;}\">\n\t\t\t\t\t<div class=\"e-con-inner\">\n\t\t<div class=\"elementor-element elementor-element-e7431e9 e-con-full e-flex e-con e-child\" data-id=\"e7431e9\" data-element_type=\"container\">\n\t\t\t\t<div class=\"elementor-element elementor-element-67fdc93 elementor-invisible elementor-widget elementor-widget-heading\" data-id=\"67fdc93\" data-element_type=\"widget\" data-settings=\"{&quot;_animation&quot;:&quot;fadeIn&quot;}\" data-widget_type=\"heading.default\">\n\t\t\t\t\t<h1 class=\"elementor-heading-title elementor-size-default\">Impressum<\/h1>\t\t\t\t<\/div>\n\t\t\t\t<div class=\"elementor-element elementor-element-d63b8a0 elementor-invisible elementor-widget elementor-widget-heading\" data-id=\"d63b8a0\" data-element_type=\"widget\" data-settings=\"{&quot;_animation&quot;:&quot;fadeIn&quot;}\" data-widget_type=\"heading.default\">\n\t\t\t\t\t<h2 class=\"elementor-heading-title elementor-size-default\">PrivacyBee AG<\/h2>\t\t\t\t<\/div>\n\t\t\t\t<div class=\"elementor-element elementor-element-38e8e48 elementor-widget-mobile__width-inherit elementor-invisible elementor-widget elementor-widget-text-editor\" data-id=\"38e8e48\" data-element_type=\"widget\" data-settings=\"{&quot;_animation&quot;:&quot;fadeIn&quot;}\" data-widget_type=\"text-editor.default\">\n\t\t\t\t\t\t\t\t\t<p>Laupenstrasse 1<br \/>3008 Bern<br \/>support@privacybee.ch<br \/><!-- notionvc: 5e36d201-96db-48c4-b49c-c7294b49ad78 --><\/p><p>MwSt: CHE-399.860.757<\/p>\t\t\t\t\t\t\t\t<\/div>\n\t\t\t\t<\/div>\n\t\t\t\t\t<\/div>\n\t\t\t\t<\/div>\n\t\t<div class=\"elementor-element elementor-element-0c099c0 e-con-full e-flex e-con e-child\" data-id=\"0c099c0\" data-element_type=\"container\">\n\t\t\t\t<div class=\"elementor-element elementor-element-fdb0d97 elementor-widget elementor-widget-template\" data-id=\"fdb0d97\" data-element_type=\"widget\" data-widget_type=\"template.default\">\n\t\t\t\t<div class=\"elementor-widget-container\">\n\t\t\t\t\t\t\t<div class=\"elementor-template\">\n\t\t\t\t\t<div data-elementor-type=\"container\" data-elementor-id=\"836\" class=\"elementor elementor-836\" data-elementor-post-type=\"elementor_library\">\n\t\t\t\t<div class=\"elementor-element elementor-element-d6cd716 e-flex e-con-boxed elementor-invisible e-con e-child\" data-id=\"d6cd716\" data-element_type=\"container\" data-settings=\"{&quot;background_background&quot;:&quot;classic&quot;,&quot;animation&quot;:&quot;fadeIn&quot;}\">\n\t\t\t\t\t<div class=\"e-con-inner\">\n\t\t<div class=\"elementor-element elementor-element-d8545eb e-con-full e-flex e-con e-child\" data-id=\"d8545eb\" data-element_type=\"container\">\n\t\t\t\t<div class=\"elementor-element elementor-element-f9cd41e elementor-widget__width-initial elementor-widget-mobile__width-inherit elementor-invisible elementor-widget elementor-widget-heading\" data-id=\"f9cd41e\" data-element_type=\"widget\" data-settings=\"{&quot;_animation&quot;:&quot;fadeIn&quot;}\" data-widget_type=\"heading.default\">\n\t\t\t\t\t<h2 class=\"elementor-heading-title elementor-size-default\">Sch\u00fctze deine Website noch heute!<\/h2>\t\t\t\t<\/div>\n\t\t\t\t<div class=\"elementor-element elementor-element-994f9d7 elementor-widget__width-initial elementor-widget-mobile__width-inherit elementor-invisible elementor-widget elementor-widget-text-editor\" data-id=\"994f9d7\" data-element_type=\"widget\" data-settings=\"{&quot;_animation&quot;:&quot;fadeIn&quot;}\" data-widget_type=\"text-editor.default\">\n\t\t\t\t\t\t\t\t\t<p>Starte jetzt und erlebe, wie einfach Datenschutz sein kann. Nutze unseren einfachen und individuellen Website-Scan und mache deine Webseite auch fortlaufend abmahnsicher.<\/p>\t\t\t\t\t\t\t\t<\/div>\n\t\t\t\t<div class=\"elementor-element elementor-element-00ea5ac elementor-widget__width-initial elementor-invisible elementor-widget elementor-widget-button\" data-id=\"00ea5ac\" data-element_type=\"widget\" data-settings=\"{&quot;_animation&quot;:&quot;fadeIn&quot;}\" data-widget_type=\"button.default\">\n\t\t\t\t\t\t\t\t\t\t<a class=\"elementor-button elementor-button-link elementor-size-sm\" href=\"https:\/\/app.prvcb.li\/de\/signup\">\n\t\t\t\t\t\t<span class=\"elementor-button-content-wrapper\">\n\t\t\t\t\t\t\t\t\t<span class=\"elementor-button-text\">Jetzt starten<\/span>\n\t\t\t\t\t<\/span>\n\t\t\t\t\t<\/a>\n\t\t\t\t\t\t\t\t<\/div>\n\t\t\t\t<\/div>\n\t\t<div class=\"elementor-element elementor-element-8626fc3 e-con-full e-flex e-con e-child\" data-id=\"8626fc3\" data-element_type=\"container\">\n\t\t\t\t<div class=\"elementor-element elementor-element-2e8c955 elementor-invisible elementor-widget elementor-widget-image\" data-id=\"2e8c955\" data-element_type=\"widget\" data-settings=\"{&quot;_animation&quot;:&quot;fadeIn&quot;}\" data-widget_type=\"image.default\">\n\t\t\t\t\t\t\t\t\t\t\t\t\t\t\t<img fetchpriority=\"high\" decoding=\"async\" width=\"1518\" height=\"1227\" src=\"https:\/\/dev.prvcb.li\/de\/wp-content\/uploads\/sites\/9\/2025\/11\/privacybee-10k-bee-hero.webp\" class=\"attachment-full size-full wp-image-1085\" alt=\"\" srcset=\"https:\/\/dev.prvcb.li\/de\/wp-content\/uploads\/sites\/9\/2025\/11\/privacybee-10k-bee-hero.webp 1518w, https:\/\/dev.prvcb.li\/de\/wp-content\/uploads\/sites\/9\/2025\/11\/privacybee-10k-bee-hero-300x242.webp 300w, https:\/\/dev.prvcb.li\/de\/wp-content\/uploads\/sites\/9\/2025\/11\/privacybee-10k-bee-hero-1024x828.webp 1024w, https:\/\/dev.prvcb.li\/de\/wp-content\/uploads\/sites\/9\/2025\/11\/privacybee-10k-bee-hero-768x621.webp 768w\" sizes=\"(max-width: 1518px) 100vw, 1518px\" \/>\t\t\t\t\t\t\t\t\t\t\t\t\t\t\t<\/div>\n\t\t\t\t<\/div>\n\t\t\t\t\t<\/div>\n\t\t\t\t<\/div>\n\t\t\t\t<\/div>\n\t\t\t\t<\/div>\n\t\t\t\t\t\t<\/div>\n\t\t\t\t<\/div>\n\t\t\t\t<\/div>\n\t\t\t\t<\/main>\n\t\t\t\t<\/div>\n\t\t","protected":false},"excerpt":{"rendered":"<p>Impressum PrivacyBee AG Laupenstrasse 13008 Bernsupport@privacybee.ch MwSt: CHE-399.860.757<\/p>\n","protected":false},"author":1,"featured_media":0,"parent":0,"menu_order":0,"comment_status":"closed","ping_status":"closed","template":"elementor_header_footer","meta":{"_acf_changed":false,"footnotes":""},"class_list":["post-197","page","type-page","status-publish","hentry"],"acf":[],"yoast_head":"<!-- This site is optimized with the Yoast SEO plugin v25.8 - https:\/\/yoast.com\/wordpress\/plugins\/seo\/ -->\n<title>Unser Impressum | PrivacyBee Deutschland<\/title>\n<meta name=\"description\" content=\"Erfahre mehr \u00fcber das Unternehmen hinter PrivacyBee, deinem zuverl\u00e4ssigen Partner f\u00fcr Datenschutz | PrivacyBee Deutschland\" \/>\n<meta name=\"robots\" content=\"noindex, follow, max-snippet:-1, max-image-preview:large, max-video-preview:-1\" \/>\n<meta property=\"og:locale\" content=\"de_DE\" \/>\n<meta property=\"og:type\" content=\"article\" \/>\n<meta property=\"og:title\" content=\"Unser Impressum | PrivacyBee Deutschland\" \/>\n<meta property=\"og:description\" content=\"Erfahre mehr \u00fcber das Unternehmen hinter PrivacyBee, deinem zuverl\u00e4ssigen Partner f\u00fcr Datenschutz | PrivacyBee Deutschland\" \/>\n<meta property=\"og:url\" content=\"https:\/\/dev.prvcb.li\/de\/impressum\/\" \/>\n<meta property=\"og:site_name\" content=\"PrivacyBee Deutschland\" \/>\n<meta property=\"article:modified_time\" content=\"2025-12-15T09:50:18+00:00\" \/>\n<meta name=\"twitter:card\" content=\"summary_large_image\" \/>\n<meta name=\"twitter:label1\" content=\"Gesch\u00e4tzte Lesezeit\" \/>\n\t<meta name=\"twitter:data1\" content=\"1\u00a0Minute\" \/>\n<script type=\"application\/ld+json\" class=\"yoast-schema-graph\">{\"@context\":\"https:\/\/schema.org\",\"@graph\":[{\"@type\":\"WebPage\",\"@id\":\"https:\/\/dev.prvcb.li\/de\/impressum\/\",\"url\":\"https:\/\/dev.prvcb.li\/de\/impressum\/\",\"name\":\"Unser Impressum | PrivacyBee Deutschland\",\"isPartOf\":{\"@id\":\"https:\/\/dev.prvcb.li\/de\/#website\"},\"datePublished\":\"2025-09-24T11:44:15+00:00\",\"dateModified\":\"2025-12-15T09:50:18+00:00\",\"description\":\"Erfahre mehr \u00fcber das Unternehmen hinter PrivacyBee, deinem zuverl\u00e4ssigen Partner f\u00fcr Datenschutz | PrivacyBee Deutschland\",\"breadcrumb\":{\"@id\":\"https:\/\/dev.prvcb.li\/de\/impressum\/#breadcrumb\"},\"inLanguage\":\"de\",\"potentialAction\":[{\"@type\":\"ReadAction\",\"target\":[\"https:\/\/dev.prvcb.li\/de\/impressum\/\"]}]},{\"@type\":\"BreadcrumbList\",\"@id\":\"https:\/\/dev.prvcb.li\/de\/impressum\/#breadcrumb\",\"itemListElement\":[{\"@type\":\"ListItem\",\"position\":1,\"name\":\"Startseite\",\"item\":\"https:\/\/dev.prvcb.li\/de\/\"},{\"@type\":\"ListItem\",\"position\":2,\"name\":\"Impressum\"}]},{\"@type\":\"WebSite\",\"@id\":\"https:\/\/dev.prvcb.li\/de\/#website\",\"url\":\"https:\/\/dev.prvcb.li\/de\/\",\"name\":\"PrivacyBee Deutschland\",\"description\":\"Alle Datenschutz-Pflichten in einem Tool\",\"publisher\":{\"@id\":\"https:\/\/dev.prvcb.li\/de\/#organization\"},\"potentialAction\":[{\"@type\":\"SearchAction\",\"target\":{\"@type\":\"EntryPoint\",\"urlTemplate\":\"https:\/\/dev.prvcb.li\/de\/?s={search_term_string}\"},\"query-input\":{\"@type\":\"PropertyValueSpecification\",\"valueRequired\":true,\"valueName\":\"search_term_string\"}}],\"inLanguage\":\"de\"},{\"@type\":\"Organization\",\"@id\":\"https:\/\/dev.prvcb.li\/de\/#organization\",\"name\":\"PrivacyBee\",\"url\":\"https:\/\/dev.prvcb.li\/de\/\",\"logo\":{\"@type\":\"ImageObject\",\"inLanguage\":\"de\",\"@id\":\"https:\/\/dev.prvcb.li\/de\/#\/schema\/logo\/image\/\",\"url\":\"https:\/\/dev.prvcb.li\/de\/wp-content\/uploads\/sites\/9\/2025\/09\/privacybee-logo.svg\",\"contentUrl\":\"https:\/\/dev.prvcb.li\/de\/wp-content\/uploads\/sites\/9\/2025\/09\/privacybee-logo.svg\",\"width\":334,\"height\":275,\"caption\":\"PrivacyBee\"},\"image\":{\"@id\":\"https:\/\/dev.prvcb.li\/de\/#\/schema\/logo\/image\/\"},\"sameAs\":[\"https:\/\/www.linkedin.com\/company\/privacybee-ch\"]}]}<\/script>\n<!-- \/ Yoast SEO plugin. -->","yoast_head_json":{"title":"Unser Impressum | PrivacyBee Deutschland","description":"Erfahre mehr \u00fcber das Unternehmen hinter PrivacyBee, deinem zuverl\u00e4ssigen Partner f\u00fcr Datenschutz | PrivacyBee Deutschland","robots":{"index":"noindex","follow":"follow","max-snippet":"max-snippet:-1","max-image-preview":"max-image-preview:large","max-video-preview":"max-video-preview:-1"},"og_locale":"de_DE","og_type":"article","og_title":"Unser Impressum | PrivacyBee Deutschland","og_description":"Erfahre mehr \u00fcber das Unternehmen hinter PrivacyBee, deinem zuverl\u00e4ssigen Partner f\u00fcr Datenschutz | PrivacyBee Deutschland","og_url":"https:\/\/dev.prvcb.li\/de\/impressum\/","og_site_name":"PrivacyBee Deutschland","article_modified_time":"2025-12-15T09:50:18+00:00","twitter_card":"summary_large_image","twitter_misc":{"Gesch\u00e4tzte Lesezeit":"1\u00a0Minute"},"schema":{"@context":"https:\/\/schema.org","@graph":[{"@type":"WebPage","@id":"https:\/\/dev.prvcb.li\/de\/impressum\/","url":"https:\/\/dev.prvcb.li\/de\/impressum\/","name":"Unser Impressum | PrivacyBee Deutschland","isPartOf":{"@id":"https:\/\/dev.prvcb.li\/de\/#website"},"datePublished":"2025-09-24T11:44:15+00:00","dateModified":"2025-12-15T09:50:18+00:00","description":"Erfahre mehr \u00fcber das Unternehmen hinter PrivacyBee, deinem zuverl\u00e4ssigen Partner f\u00fcr Datenschutz | PrivacyBee Deutschland","breadcrumb":{"@id":"https:\/\/dev.prvcb.li\/de\/impressum\/#breadcrumb"},"inLanguage":"de","potentialAction":[{"@type":"ReadAction","target":["https:\/\/dev.prvcb.li\/de\/impressum\/"]}]},{"@type":"BreadcrumbList","@id":"https:\/\/dev.prvcb.li\/de\/impressum\/#breadcrumb","itemListElement":[{"@type":"ListItem","position":1,"name":"Startseite","item":"https:\/\/dev.prvcb.li\/de\/"},{"@type":"ListItem","position":2,"name":"Impressum"}]},{"@type":"WebSite","@id":"https:\/\/dev.prvcb.li\/de\/#website","url":"https:\/\/dev.prvcb.li\/de\/","name":"PrivacyBee Deutschland","description":"Alle Datenschutz-Pflichten in einem Tool","publisher":{"@id":"https:\/\/dev.prvcb.li\/de\/#organization"},"potentialAction":[{"@type":"SearchAction","target":{"@type":"EntryPoint","urlTemplate":"https:\/\/dev.prvcb.li\/de\/?s={search_term_string}"},"query-input":{"@type":"PropertyValueSpecification","valueRequired":true,"valueName":"search_term_string"}}],"inLanguage":"de"},{"@type":"Organization","@id":"https:\/\/dev.prvcb.li\/de\/#organization","name":"PrivacyBee","url":"https:\/\/dev.prvcb.li\/de\/","logo":{"@type":"ImageObject","inLanguage":"de","@id":"https:\/\/dev.prvcb.li\/de\/#\/schema\/logo\/image\/","url":"https:\/\/dev.prvcb.li\/de\/wp-content\/uploads\/sites\/9\/2025\/09\/privacybee-logo.svg","contentUrl":"https:\/\/dev.prvcb.li\/de\/wp-content\/uploads\/sites\/9\/2025\/09\/privacybee-logo.svg","width":334,"height":275,"caption":"PrivacyBee"},"image":{"@id":"https:\/\/dev.prvcb.li\/de\/#\/schema\/logo\/image\/"},"sameAs":["https:\/\/www.linkedin.com\/company\/privacybee-ch"]}]}},"_links":{"self":[{"href":"https:\/\/dev.prvcb.li\/de\/wp-json\/wp\/v2\/pages\/197","targetHints":{"allow":["GET"]}}],"collection":[{"href":"https:\/\/dev.prvcb.li\/de\/wp-json\/wp\/v2\/pages"}],"about":[{"href":"https:\/\/dev.prvcb.li\/de\/wp-json\/wp\/v2\/types\/page"}],"author":[{"embeddable":true,"href":"https:\/\/dev.prvcb.li\/de\/wp-json\/wp\/v2\/users\/1"}],"replies":[{"embeddable":true,"href":"https:\/\/dev.prvcb.li\/de\/wp-json\/wp\/v2\/comments?post=197"}],"version-history":[{"count":16,"href":"https:\/\/dev.prvcb.li\/de\/wp-json\/wp\/v2\/pages\/197\/revisions"}],"predecessor-version":[{"id":1306,"href":"https:\/\/dev.prvcb.li\/de\/wp-json\/wp\/v2\/pages\/197\/revisions\/1306"}],"wp:attachment":[{"href":"https:\/\/dev.prvcb.li\/de\/wp-json\/wp\/v2\/media?parent=197"}],"curies":[{"name":"wp","href":"https:\/\/api.w.org\/{rel}","templated":true}]}}